{"id":54,"date":"2016-11-30T01:59:52","date_gmt":"2016-11-29T23:59:52","guid":{"rendered":"http:\/\/wotonline.de\/?page_id=54"},"modified":"2017-01-16T21:57:34","modified_gmt":"2017-01-16T19:57:34","slug":"home","status":"publish","type":"page","link":"https:\/\/wotonline.de\/","title":{"rendered":"Home"},"content":{"rendered":"<p>Willkommen auf der Clan-Seite von <strong>[M4] MASK<\/strong><\/p>\n<p>Unser Clan ist Haupts\u00e4chlich in den Wargaming Spielen: World of Tanks, World of Warships und World of Warplanes vertreten.<\/p>\n<p>Auf den folgenden Seiten k\u00f6nnt ihr einiges \u00fcber unseren Clan erfahren, aber auch einige Infos rund um WoT nachlesen.<br \/>\n<\/br><\/p>\n<h1>Forum<\/h1>\n<p>Das wichtigste Medium ist jedoch unser <a href=\"https:\/\/wotonline.de\/phpBB\" target=\"_blank\">Forum<\/a>! Hier sind alle Clanmember registriert und werden \u00fcber laufende \u00c4nderungen im Clan oder f\u00fcr Events zur Verf\u00fcgung gestellt. Diskussionen \u00fcber s\u00e4mtliche Themen gibt es nat\u00fcrlich auch!<br \/>\n<\/br><\/p>\n<h1>M.A.S.K. &#8211; Der Name<\/h1>\n<p><strong>M.A.S.K.<\/strong>, auch <i>MASK<\/i> oder <i>Die Masken<\/i>,\u00a0war eine\u00a0Zeichentrickserie\u00a0in den Jahren 1985 und 1986, sowie eine gleichnamige Spielzeug- und H\u00f6rspielserie. Sie handelte von der Geheimorganisation <i>MASK<\/i> (<i>Mobile Armored Strike Kommand<\/i>), die mittels spezieller Masken und Fahrzeugen gegen die Organisation <i>V.E.N.O.M.<\/i> (<i>Vicious Evil Network of Mayhem<\/i>) k\u00e4mpfte.<br \/>\nWir dachten, dass das gut zu unserer Art passt, wie wir Panzer fahren &#8211; immer f\u00fcr das Gute und immer f\u00fcr alles zu haben.<br \/>\n<\/br><\/p>\n<h1>Youtube<\/h1>\n<p>Ausserdem gibt\u00a0es hier auch Links zu den neusten Youtube Vidoes von <a href=\"https:\/\/wotonline.de\/?p=36\">bambam7308<\/a> und <a href=\"https:\/\/wotonline.de\/?p=75\">Marco10000<\/a>.<\/p>\n","protected":false},"excerpt":{"rendered":"<p>Willkommen auf der Clan-Seite von [M4] MASK Unser Clan ist Haupts\u00e4chlich in den Wargaming Spielen: World of Tanks, World of Warships und World of Warplanes vertreten. Auf den folgenden Seiten k\u00f6nnt ihr einiges \u00fcber unseren Clan erfahren, aber auch einige Infos rund um WoT nachlesen. Forum Das wichtigste Medium ist jedoch unser Forum! Hier sind [&hellip;]<\/p>\n","protected":false},"author":5,"featured_media":0,"parent":0,"menu_order":0,"comment_status":"closed","ping_status":"closed","template":"","meta":{"footnotes":""},"class_list":["post-54","page","type-page","status-publish","hentry"],"_links":{"self":[{"href":"https:\/\/wotonline.de\/index.php?rest_route=\/wp\/v2\/pages\/54","targetHints":{"allow":["GET"]}}],"collection":[{"href":"https:\/\/wotonline.de\/index.php?rest_route=\/wp\/v2\/pages"}],"about":[{"href":"https:\/\/wotonline.de\/index.php?rest_route=\/wp\/v2\/types\/page"}],"author":[{"embeddable":true,"href":"https:\/\/wotonline.de\/index.php?rest_route=\/wp\/v2\/users\/5"}],"replies":[{"embeddable":true,"href":"https:\/\/wotonline.de\/index.php?rest_route=%2Fwp%2Fv2%2Fcomments&post=54"}],"version-history":[{"count":4,"href":"https:\/\/wotonline.de\/index.php?rest_route=\/wp\/v2\/pages\/54\/revisions"}],"predecessor-version":[{"id":82,"href":"https:\/\/wotonline.de\/index.php?rest_route=\/wp\/v2\/pages\/54\/revisions\/82"}],"wp:attachment":[{"href":"https:\/\/wotonline.de\/index.php?rest_route=%2Fwp%2Fv2%2Fmedia&parent=54"}],"curies":[{"name":"wp","href":"https:\/\/api.w.org\/{rel}","templated":true}]}}